{"id":33,"date":"2026-01-14T11:44:51","date_gmt":"2026-01-14T11:44:51","guid":{"rendered":"https:\/\/miraconstruct.ro\/?page_id=33"},"modified":"2026-01-14T11:45:15","modified_gmt":"2026-01-14T11:45:15","slug":"acasa","status":"publish","type":"page","link":"https:\/\/miraconstruct.ro\/","title":{"rendered":"Acas\u0103"},"content":{"rendered":"\t\t<div data-elementor-type=\"wp-page\" data-elementor-id=\"33\" class=\"elementor elementor-33\">\n\t\t\t\t<div class=\"elementor-element elementor-element-c7f9943 e-flex e-con-boxed e-con e-parent\" data-id=\"c7f9943\" data-element_type=\"container\" data-e-type=\"container\">\n\t\t\t\t\t<div class=\"e-con-inner\">\n\t\t\t\t<div class=\"elementor-element elementor-element-b825f78 elementor-widget elementor-widget-image\" data-id=\"b825f78\" data-element_type=\"widget\" data-e-type=\"widget\" data-widget_type=\"image.default\">\n\t\t\t\t\t\t\t\t\t\t\t\t\t\t\t<img fetchpriority=\"high\" decoding=\"async\" width=\"844\" height=\"110\" src=\"https:\/\/miraconstruct.ro\/wp-content\/uploads\/2026\/01\/top_mira.png\" class=\"attachment-large size-large wp-image-24\" alt=\"\" srcset=\"https:\/\/miraconstruct.ro\/wp-content\/uploads\/2026\/01\/top_mira.png 844w, https:\/\/miraconstruct.ro\/wp-content\/uploads\/2026\/01\/top_mira-300x39.png 300w, https:\/\/miraconstruct.ro\/wp-content\/uploads\/2026\/01\/top_mira-768x100.png 768w\" sizes=\"(max-width: 844px) 100vw, 844px\" \/>\t\t\t\t\t\t\t\t\t\t\t\t\t\t\t<\/div>\n\t\t\t\t\t<\/div>\n\t\t\t\t<\/div>\n\t\t<div class=\"elementor-element elementor-element-47405a2 e-flex e-con-boxed e-con e-parent\" data-id=\"47405a2\" data-element_type=\"container\" data-e-type=\"container\">\n\t\t\t\t\t<div class=\"e-con-inner\">\n\t\t\t\t<div class=\"elementor-element elementor-element-ecd7a08 elementor-widget elementor-widget-text-editor\" data-id=\"ecd7a08\" data-element_type=\"widget\" data-e-type=\"widget\" data-widget_type=\"text-editor.default\">\n\t\t\t\t\t\t\t\t\t<p>MIRA CONSTRUCT S.R.L. este o societate comercial\u0103 cu capital privat, \u00eenfiin\u021bat\u0103 \u00een 2025 \u0219i \u00eenregistrat\u0103 la Registrul Comer\u021bului cu num\u0103rul J2007000523160. Firma noastr\u0103 este specializat\u0103 \u00een \u00eenchirierea \u0219i sub\u00eenchirierea bunurilor imobiliare proprii sau \u00eenchiriate.<\/p>\t\t\t\t\t\t\t\t<\/div>\n\t\t\t\t\t<\/div>\n\t\t\t\t<\/div>\n\t\t\t\t<\/div>\n\t\t","protected":false},"excerpt":{"rendered":"<p>MIRA CONSTRUCT S.R.L. este o societate comercial\u0103 cu capital privat, \u00eenfiin\u021bat\u0103 \u00een 2025 \u0219i \u00eenregistrat\u0103 la Registrul Comer\u021bului cu num\u0103rul J2007000523160. Firma noastr\u0103 este specializat\u0103 \u00een \u00eenchirierea \u0219i sub\u00eenchirierea bunurilor imobiliare proprii sau \u00eenchiriate.<\/p>\n","protected":false},"author":1,"featured_media":0,"parent":0,"menu_order":0,"comment_status":"closed","ping_status":"closed","template":"","meta":{"footnotes":""},"class_list":["post-33","page","type-page","status-publish","hentry"],"_links":{"self":[{"href":"https:\/\/miraconstruct.ro\/index.php?rest_route=\/wp\/v2\/pages\/33","targetHints":{"allow":["GET"]}}],"collection":[{"href":"https:\/\/miraconstruct.ro\/index.php?rest_route=\/wp\/v2\/pages"}],"about":[{"href":"https:\/\/miraconstruct.ro\/index.php?rest_route=\/wp\/v2\/types\/page"}],"author":[{"embeddable":true,"href":"https:\/\/miraconstruct.ro\/index.php?rest_route=\/wp\/v2\/users\/1"}],"replies":[{"embeddable":true,"href":"https:\/\/miraconstruct.ro\/index.php?rest_route=%2Fwp%2Fv2%2Fcomments&post=33"}],"version-history":[{"count":4,"href":"https:\/\/miraconstruct.ro\/index.php?rest_route=\/wp\/v2\/pages\/33\/revisions"}],"predecessor-version":[{"id":37,"href":"https:\/\/miraconstruct.ro\/index.php?rest_route=\/wp\/v2\/pages\/33\/revisions\/37"}],"wp:attachment":[{"href":"https:\/\/miraconstruct.ro\/index.php?rest_route=%2Fwp%2Fv2%2Fmedia&parent=33"}],"curies":[{"name":"wp","href":"https:\/\/api.w.org\/{rel}","templated":true}]}}